{"id":233,"date":"2024-11-30T10:24:06","date_gmt":"2024-11-30T10:24:06","guid":{"rendered":"https:\/\/theme.madsparrow.me\/fanky\/?page_id=233"},"modified":"2026-01-07T07:19:46","modified_gmt":"2026-01-07T07:19:46","slug":"dentistry","status":"publish","type":"page","link":"https:\/\/inciesthetic.com\/ro\/dentistry\/","title":{"rendered":"Stomatologie"},"content":{"rendered":"<div data-elementor-type=\"wp-page\" data-elementor-id=\"233\" class=\"elementor elementor-233\" data-elementor-settings=\"{&quot;element_pack_global_tooltip_width&quot;:{&quot;unit&quot;:&quot;px&quot;,&quot;size&quot;:&quot;&quot;,&quot;sizes&quot;:[]},&quot;element_pack_global_tooltip_width_tablet&quot;:{&quot;unit&quot;:&quot;px&quot;,&quot;size&quot;:&quot;&quot;,&quot;sizes&quot;:[]},&quot;element_pack_global_tooltip_width_mobile&quot;:{&quot;unit&quot;:&quot;px&quot;,&quot;size&quot;:&quot;&quot;,&quot;sizes&quot;:[]},&quot;element_pack_global_tooltip_padding&quot;:{&quot;unit&quot;:&quot;px&quot;,&quot;top&quot;:&quot;&quot;,&quot;right&quot;:&quot;&quot;,&quot;bottom&quot;:&quot;&quot;,&quot;left&quot;:&quot;&quot;,&quot;isLinked&quot;:true},&quot;element_pack_global_tooltip_padding_tablet&quot;:{&quot;unit&quot;:&quot;px&quot;,&quot;top&quot;:&quot;&quot;,&quot;right&quot;:&quot;&quot;,&quot;bottom&quot;:&quot;&quot;,&quot;left&quot;:&quot;&quot;,&quot;isLinked&quot;:true},&quot;element_pack_global_tooltip_padding_mobile&quot;:{&quot;unit&quot;:&quot;px&quot;,&quot;top&quot;:&quot;&quot;,&quot;right&quot;:&quot;&quot;,&quot;bottom&quot;:&quot;&quot;,&quot;left&quot;:&quot;&quot;,&quot;isLinked&quot;:true},&quot;element_pack_global_tooltip_border_radius&quot;:{&quot;unit&quot;:&quot;px&quot;,&quot;top&quot;:&quot;&quot;,&quot;right&quot;:&quot;&quot;,&quot;bottom&quot;:&quot;&quot;,&quot;left&quot;:&quot;&quot;,&quot;isLinked&quot;:true},&quot;element_pack_global_tooltip_border_radius_tablet&quot;:{&quot;unit&quot;:&quot;px&quot;,&quot;top&quot;:&quot;&quot;,&quot;right&quot;:&quot;&quot;,&quot;bottom&quot;:&quot;&quot;,&quot;left&quot;:&quot;&quot;,&quot;isLinked&quot;:true},&quot;element_pack_global_tooltip_border_radius_mobile&quot;:{&quot;unit&quot;:&quot;px&quot;,&quot;top&quot;:&quot;&quot;,&quot;right&quot;:&quot;&quot;,&quot;bottom&quot;:&quot;&quot;,&quot;left&quot;:&quot;&quot;,&quot;isLinked&quot;:true}}\" data-elementor-post-type=\"page\">\n\t\t\t\t<div class=\"elementor-element elementor-element-7b59616 e-con-full e-flex no no e-con e-parent\" data-id=\"7b59616\" data-element_type=\"container\" data-settings=\"{&quot;background_background&quot;:&quot;classic&quot;}\">\n\t\t<div class=\"elementor-element elementor-element-22c0841 e-con-full e-flex no no e-con e-child\" data-id=\"22c0841\" data-element_type=\"container\" data-settings=\"{&quot;position&quot;:&quot;absolute&quot;}\">\n\t\t\t\t<\/div>\n\t\t\t\t<div class=\"elementor-element elementor-element-c16fc39 elementor-widget elementor-widget-ms_text_ticker\" data-id=\"c16fc39\" data-element_type=\"widget\" data-widget_type=\"ms_text_ticker.default\">\n\t\t\t\t<div class=\"elementor-widget-container\">\n\t\t\t\t\t        <div class=\"ms-text-ticker\" data-mask=\"on\">\r\n            <div id=\"c16fc39\" class=\"ms-tt-wrap\" data-speed=\"0.1\" data-direction=\"right\" data-scroll=\"off\" data-hover=\"none\">\r\n                <div> \r\n                    <ul class=\"ms-tt\">\r\n\r\n                        \r\n                        \r\n                                                                                                                                                                                                    <li class=\"ms-tt__text img\">\r\n                                            <img decoding=\"async\" src=\"https:\/\/inciesthetic.com\/wp-content\/uploads\/2025\/09\/after.jpg\" alt=\"\"\/>\r\n                                        <\/li>\r\n                                                                                                                                                                                    <li class=\"ms-tt__text img\">\r\n                                            <img decoding=\"async\" src=\"https:\/\/inciesthetic.com\/wp-content\/uploads\/2025\/09\/after-1.jpg\" alt=\"\"\/>\r\n                                        <\/li>\r\n                                                                                                                                                                                    <li class=\"ms-tt__text img\">\r\n                                            <img decoding=\"async\" src=\"https:\/\/inciesthetic.com\/wp-content\/uploads\/2025\/09\/after-2.jpg\" alt=\"\"\/>\r\n                                        <\/li>\r\n                                                                                                                                                                                    <li class=\"ms-tt__text img\">\r\n                                            <img decoding=\"async\" src=\"https:\/\/inciesthetic.com\/wp-content\/uploads\/2025\/09\/after-3.jpg\" alt=\"\"\/>\r\n                                        <\/li>\r\n                                                                                                                                                                                    <li class=\"ms-tt__text img\">\r\n                                            <img decoding=\"async\" src=\"https:\/\/inciesthetic.com\/wp-content\/uploads\/2025\/09\/after-4.jpg\" alt=\"\"\/>\r\n                                        <\/li>\r\n                                                                                                                                                                                    <li class=\"ms-tt__text img\">\r\n                                            <img decoding=\"async\" src=\"https:\/\/inciesthetic.com\/wp-content\/uploads\/2025\/09\/after-5.jpg\" alt=\"\"\/>\r\n                                        <\/li>\r\n                                                                                                                                                                                    <li class=\"ms-tt__text img\">\r\n                                            <img decoding=\"async\" src=\"https:\/\/inciesthetic.com\/wp-content\/uploads\/2025\/09\/after-6.jpg\" alt=\"\"\/>\r\n                                        <\/li>\r\n                                                                                                                                                                                    <li class=\"ms-tt__text img\">\r\n                                            <img decoding=\"async\" src=\"https:\/\/inciesthetic.com\/wp-content\/uploads\/2025\/09\/after-7.jpg\" alt=\"\"\/>\r\n                                        <\/li>\r\n                                                                                                                        \r\n                    <\/ul>\r\n                <\/div>\r\n            <\/div>\r\n        <\/div>\r\n        \t\t\t\t<\/div>\n\t\t\t\t<\/div>\n\t\t\t\t<div class=\"elementor-element elementor-element-284d6b6 elementor-widget elementor-widget-ms_text_ticker\" data-id=\"284d6b6\" data-element_type=\"widget\" data-widget_type=\"ms_text_ticker.default\">\n\t\t\t\t<div class=\"elementor-widget-container\">\n\t\t\t\t\t        <div class=\"ms-text-ticker\" data-mask=\"on\">\r\n            <div id=\"284d6b6\" class=\"ms-tt-wrap\" data-speed=\"0.1\" data-direction=\"left\" data-scroll=\"off\" data-hover=\"none\">\r\n                <div> \r\n                    <ul class=\"ms-tt\">\r\n\r\n                        \r\n                        \r\n                                                                                                                                                                                                    <li class=\"ms-tt__text img\">\r\n                                            <img decoding=\"async\" src=\"https:\/\/inciesthetic.com\/wp-content\/uploads\/2025\/09\/after-9.jpg\" alt=\"\"\/>\r\n                                        <\/li>\r\n                                                                                                                                                                                    <li class=\"ms-tt__text img\">\r\n                                            <img decoding=\"async\" src=\"https:\/\/inciesthetic.com\/wp-content\/uploads\/2025\/09\/after-8.jpg\" alt=\"\"\/>\r\n                                        <\/li>\r\n                                                                                                                                                                                    <li class=\"ms-tt__text img\">\r\n                                            <img decoding=\"async\" src=\"https:\/\/inciesthetic.com\/wp-content\/uploads\/2025\/09\/after-11.jpg\" alt=\"\"\/>\r\n                                        <\/li>\r\n                                                                                                                                                                                    <li class=\"ms-tt__text img\">\r\n                                            <img decoding=\"async\" src=\"https:\/\/inciesthetic.com\/wp-content\/uploads\/2025\/09\/after-13.jpg\" alt=\"\"\/>\r\n                                        <\/li>\r\n                                                                                                                                                                                    <li class=\"ms-tt__text img\">\r\n                                            <img decoding=\"async\" src=\"https:\/\/inciesthetic.com\/wp-content\/uploads\/2025\/09\/after-12.jpg\" alt=\"\"\/>\r\n                                        <\/li>\r\n                                                                                                                                                                                    <li class=\"ms-tt__text img\">\r\n                                            <img decoding=\"async\" src=\"https:\/\/inciesthetic.com\/wp-content\/uploads\/2025\/09\/after-10.jpg\" alt=\"\"\/>\r\n                                        <\/li>\r\n                                                                                                                        \r\n                    <\/ul>\r\n                <\/div>\r\n            <\/div>\r\n        <\/div>\r\n        \t\t\t\t<\/div>\n\t\t\t\t<\/div>\n\t\t<div class=\"elementor-element elementor-element-3a8cf7e e-con-full e-flex no no e-con e-child\" data-id=\"3a8cf7e\" data-element_type=\"container\" data-settings=\"{&quot;position&quot;:&quot;absolute&quot;}\">\n\t\t\t\t<div class=\"elementor-element elementor-element-f8b929c elementor-widget elementor-widget-ms_animated_headline\" data-id=\"f8b929c\" data-element_type=\"widget\" data-widget_type=\"ms_animated_headline.default\">\n\t\t\t\t<div class=\"elementor-widget-container\">\n\t\t\t\t\t\r\n        <div class=\"ms-ah-wrapper\">\r\n            <h1 class=\"content__title\" data-splitting data-effect6 data-scroll=\"off\">\r\n            \tStomatologie             <\/h1>\r\n        <\/div>\r\n        \r\n    \t\t\t\t<\/div>\n\t\t\t\t<\/div>\n\t\t\t\t<\/div>\n\t\t\t\t<\/div>\n\t\t<div class=\"elementor-element elementor-element-40a72e8 e-flex e-con-boxed no no e-con e-parent\" data-id=\"40a72e8\" data-element_type=\"container\">\n\t\t\t\t\t<div class=\"e-con-inner\">\n\t\t\t\t<div class=\"elementor-element elementor-element-1618f8e elementor-widget-tablet__width-initial elementor-widget elementor-widget-heading\" data-id=\"1618f8e\" data-element_type=\"widget\" data-widget_type=\"heading.default\">\n\t\t\t\t\t<h2 class=\"elementor-heading-title elementor-size-default\">Tratamente stomatologice<\/h2>\t\t\t\t<\/div>\n\t\t\t\t<div class=\"elementor-element elementor-element-afe8512 elementor-widget elementor-widget-ms_projects\" data-id=\"afe8512\" data-element_type=\"widget\" data-widget_type=\"ms_projects.default\">\n\t\t\t\t<div class=\"elementor-widget-container\">\n\t\t\t\t\t\r\n\t\t<div class=\"portfolio_wrap\" id=\"afe8512\"  data-type=\"grid\" data-pagination=\"on\" >\r\n\r\n            \r\n                \r\n                <div class=\"loader_wrap\">                                   \r\n                    <span class=\"load_filter\">\r\n                        <svg class=\"load-filter-icon\"  viewbox=\"0 0 800 800\">\r\n                            <circle class=\"spin2\" cx=\"400\" cy=\"400\" fill=\"none\" r=\"200\" stroke-width=\"50\" stroke-dasharray=\"563 1400\" stroke-linecap=\"round\" \/>\r\n                        <\/svg>\r\n                    <\/span>\r\n                <\/div>\r\n\r\n                <div class=\"portfolio-feed ms-p--d row\"  data-cursor=\"custom\"  data-hover-text=\"View\">\r\n\r\n                    \r\n                        \r\n                        \r\n                            <div class=\"below grid-item-p custom-ratio col-md-4 post-7733 portfolios type-portfolios status-publish has-post-thumbnail hentry portfolios_categories-dentistry\">\r\n\r\n                                <div class=\"item--inner\">\r\n\r\n                                    <a href=\"https:\/\/inciesthetic.com\/ro\/dental-crowns\/\" aria-label=\"Coroane dentare\">\r\n\r\n                                        \r\n                                                                                            <figure class=\"ms-p-img cursor-custom\" >\r\n                                                    <img decoding=\"async\"  src=\"https:\/\/inciesthetic.com\/wp-content\/uploads\/2025\/09\/65410.jpg\" alt=\"Coroane dentare\">\r\n                                                <\/figure>\r\n                                            \r\n                                        \r\n                                        <div class=\"ms-p-content justify-top\">\r\n                                            <div class=\"ms-p-content__inner top\">\r\n                                                <h3>Coroane dentare<\/h3>\r\n                                                                                            <\/div>\r\n                                        <\/div>\r\n                                        \r\n                                    <\/a>\r\n\r\n                                <\/div>\r\n\r\n                            <\/div>\r\n\r\n                        \r\n                            <div class=\"below grid-item-p custom-ratio col-md-4 post-7772 portfolios type-portfolios status-publish has-post-thumbnail hentry portfolios_categories-dentistry\">\r\n\r\n                                <div class=\"item--inner\">\r\n\r\n                                    <a href=\"https:\/\/inciesthetic.com\/ro\/smile-design\/\" aria-label=\"Designul z\u00e2mbetului\">\r\n\r\n                                        \r\n                                                                                            <figure class=\"ms-p-img cursor-custom\" >\r\n                                                    <img decoding=\"async\"  src=\"https:\/\/inciesthetic.com\/wp-content\/uploads\/2025\/09\/smile-design-1-1120x926.jpg\" alt=\"Designul z\u00e2mbetului\">\r\n                                                <\/figure>\r\n                                            \r\n                                        \r\n                                        <div class=\"ms-p-content justify-top\">\r\n                                            <div class=\"ms-p-content__inner top\">\r\n                                                <h3>Designul z\u00e2mbetului<\/h3>\r\n                                                                                            <\/div>\r\n                                        <\/div>\r\n                                        \r\n                                    <\/a>\r\n\r\n                                <\/div>\r\n\r\n                            <\/div>\r\n\r\n                        \r\n                            <div class=\"below grid-item-p custom-ratio col-md-4 post-7757 portfolios type-portfolios status-publish has-post-thumbnail hentry portfolios_categories-dentistry\">\r\n\r\n                                <div class=\"item--inner\">\r\n\r\n                                    <a href=\"https:\/\/inciesthetic.com\/ro\/all-on-4-6-implants\/\" aria-label=\"Implanturi All-On-4\/6\">\r\n\r\n                                        \r\n                                                                                            <figure class=\"ms-p-img cursor-custom\" >\r\n                                                    <img decoding=\"async\"  src=\"https:\/\/inciesthetic.com\/wp-content\/uploads\/2025\/09\/2149103569.jpg\" alt=\"Implanturi All-On-4\/6\">\r\n                                                <\/figure>\r\n                                            \r\n                                        \r\n                                        <div class=\"ms-p-content justify-top\">\r\n                                            <div class=\"ms-p-content__inner top\">\r\n                                                <h3>Implanturi All-On-4\/6<\/h3>\r\n                                                                                            <\/div>\r\n                                        <\/div>\r\n                                        \r\n                                    <\/a>\r\n\r\n                                <\/div>\r\n\r\n                            <\/div>\r\n\r\n                        \r\n                            <div class=\"below grid-item-p custom-ratio col-md-4 post-261 portfolios type-portfolios status-publish has-post-thumbnail hentry portfolios_categories-dentistry\">\r\n\r\n                                <div class=\"item--inner\">\r\n\r\n                                    <a href=\"https:\/\/inciesthetic.com\/ro\/dental-implants\/\" aria-label=\"Implanturi dentare\">\r\n\r\n                                        \r\n                                                                                            <figure class=\"ms-p-img cursor-custom\" >\r\n                                                    <img decoding=\"async\"  src=\"https:\/\/inciesthetic.com\/wp-content\/uploads\/2024\/12\/360_F_1270045340_0KZmRLyWTwXWZONsNk6Yf94T3YIQYKVu.jpg\" alt=\"Implanturi dentare\">\r\n                                                <\/figure>\r\n                                            \r\n                                        \r\n                                        <div class=\"ms-p-content justify-top\">\r\n                                            <div class=\"ms-p-content__inner top\">\r\n                                                <h3>Implanturi dentare<\/h3>\r\n                                                                                            <\/div>\r\n                                        <\/div>\r\n                                        \r\n                                    <\/a>\r\n\r\n                                <\/div>\r\n\r\n                            <\/div>\r\n\r\n                        \r\n                            <div class=\"below grid-item-p custom-ratio col-md-4 post-7750 portfolios type-portfolios status-publish has-post-thumbnail hentry portfolios_categories-dentistry\">\r\n\r\n                                <div class=\"item--inner\">\r\n\r\n                                    <a href=\"https:\/\/inciesthetic.com\/ro\/hollywood-smile\/\" aria-label=\"Z\u00e2mbetul de la Hollywood\">\r\n\r\n                                        \r\n                                                                                            <figure class=\"ms-p-img cursor-custom\" >\r\n                                                    <img decoding=\"async\"  src=\"https:\/\/inciesthetic.com\/wp-content\/uploads\/2025\/09\/11657.jpg\" alt=\"Z\u00e2mbetul de la Hollywood\">\r\n                                                <\/figure>\r\n                                            \r\n                                        \r\n                                        <div class=\"ms-p-content justify-top\">\r\n                                            <div class=\"ms-p-content__inner top\">\r\n                                                <h3>Z\u00e2mbetul de la Hollywood<\/h3>\r\n                                                                                            <\/div>\r\n                                        <\/div>\r\n                                        \r\n                                    <\/a>\r\n\r\n                                <\/div>\r\n\r\n                            <\/div>\r\n\r\n                        \r\n                            <div class=\"below grid-item-p custom-ratio col-md-4 post-7763 portfolios type-portfolios status-publish has-post-thumbnail hentry portfolios_categories-dentistry\">\r\n\r\n                                <div class=\"item--inner\">\r\n\r\n                                    <a href=\"https:\/\/inciesthetic.com\/ro\/laminate-veneers\/\" aria-label=\"furnir laminat\">\r\n\r\n                                        \r\n                                                                                            <figure class=\"ms-p-img cursor-custom\" >\r\n                                                    <img decoding=\"async\"  src=\"https:\/\/inciesthetic.com\/wp-content\/uploads\/2025\/09\/201754.jpg\" alt=\"furnir laminat\">\r\n                                                <\/figure>\r\n                                            \r\n                                        \r\n                                        <div class=\"ms-p-content justify-top\">\r\n                                            <div class=\"ms-p-content__inner top\">\r\n                                                <h3>furnir laminat<\/h3>\r\n                                                                                            <\/div>\r\n                                        <\/div>\r\n                                        \r\n                                    <\/a>\r\n\r\n                                <\/div>\r\n\r\n                            <\/div>\r\n\r\n                                                <div class=\"grid-sizer col-md-4\"><\/div>\r\n                        \r\n                        \r\n                    \r\n                <\/div>\r\n\r\n                \r\n                                                    \r\n            \r\n        \t\t<\/div>\r\n\r\n\t\t\t\t\t\t<\/div>\n\t\t\t\t<\/div>\n\t\t\t\t<div class=\"elementor-element elementor-element-820b9ce elementor-widget elementor-widget-text-editor\" data-id=\"820b9ce\" data-element_type=\"widget\" data-widget_type=\"text-editor.default\">\n\t\t\t\t\t\t\t\t\t<p data-start=\"359\" data-end=\"641\">La <strong data-start=\"362\" data-end=\"378\">\u0130nci Estetik<\/strong>, credem c\u0103 un z\u00e2mbet s\u0103n\u0103tos \u0219i radiant este una dintre cele mai puternice expresii ale \u00eencrederii. Nostru <strong data-start=\"483\" data-end=\"507\">Tratamente stomatologice<\/strong> sunt concepute pentru a combina tehnologia dentar\u0103 avansat\u0103 cu precizia estetic\u0103, asigur\u00e2nd at\u00e2t s\u0103n\u0103tate func\u021bional\u0103, c\u00e2t \u0219i rezultate frumoase.<\/p><p data-start=\"643\" data-end=\"704\">Oferim o gam\u0103 larg\u0103 de solu\u021bii personalizate, inclusiv:<\/p><ul data-start=\"705\" data-end=\"1142\"><li data-start=\"705\" data-end=\"770\"><p data-start=\"707\" data-end=\"770\"><strong data-start=\"707\" data-end=\"724\">Coroane dentare<\/strong> pentru a restabili rezisten\u021ba \u0219i aspectul natural,<\/p><\/li><li data-start=\"771\" data-end=\"835\"><p data-start=\"773\" data-end=\"835\"><strong data-start=\"773\" data-end=\"789\">Designul z\u00e2mbetului<\/strong> pentru o transformare estetic\u0103 personalizat\u0103,<\/p><\/li><li data-start=\"836\" data-end=\"911\"><p data-start=\"838\" data-end=\"911\"><strong data-start=\"838\" data-end=\"861\">Implanturi All-On-4\/6<\/strong> pentru restaur\u0103ri complete cu mai pu\u021bine implanturi,<\/p><\/li><li data-start=\"912\" data-end=\"1004\"><p data-start=\"914\" data-end=\"1004\"><strong data-start=\"914\" data-end=\"933\">Implanturi dentare<\/strong> pentru a \u00eenlocui din\u021bii lips\u0103 cu alternative durabile \u0219i cu aspect natural,<\/p><\/li><li data-start=\"1005\" data-end=\"1064\"><p data-start=\"1007\" data-end=\"1064\"><strong data-start=\"1007\" data-end=\"1026\">Z\u00e2mbetul de la Hollywood<\/strong> pentru un z\u00e2mbet orbitor, gata de filmare,<\/p><\/li><li data-start=\"1065\" data-end=\"1142\"><p data-start=\"1067\" data-end=\"1142\"><strong data-start=\"1067\" data-end=\"1087\">furnir laminat<\/strong> pentru o \u00eembun\u0103t\u0103\u021bire estetic\u0103 rapid\u0103 \u0219i minim invaziv\u0103.<\/p><\/li><\/ul><p data-start=\"1144\" data-end=\"1435\">Fiecare tratament la \u0130nci Estetik este efectuat de c\u0103tre speciali\u0219ti stomatologi cu experien\u021b\u0103 \u00eentr-un mediu modern \u0219i primitor. De la prima consulta\u021bie p\u00e2n\u0103 la controlul final, punem pe primul loc confortul, precizia \u0219i rezultatele de lung\u0103 durat\u0103 - pentru c\u0103 z\u00e2mbetul dumneavoastr\u0103 merit\u0103 excelen\u021b\u0103.<\/p>\t\t\t\t\t\t\t\t<\/div>\n\t\t\t\t\t<\/div>\n\t\t\t\t<\/div>\n\t\t\t\t<\/div>","protected":false},"excerpt":{"rendered":"<p>Dentistry Dentistry treatments Dental Crowns Smile Design All-On-4\/6 Implants Dental Implants Hollywood Smile Laminate Veneers At \u0130nci Estetik, we believe that a healthy and [&hellip;]<\/p>","protected":false},"author":1,"featured_media":0,"parent":0,"menu_order":0,"comment_status":"closed","ping_status":"closed","template":"page-custom.php","meta":{"_acf_changed":false,"footnotes":""},"class_list":["post-233","page","type-page","status-publish","hentry"],"acf":{"choi\u0441e_menu_page":"custom_menu_page","full_width":false,"header_transparent":true,"header_white":true,"menu_align_page":"center","menu_style":"fixed"},"_links":{"self":[{"href":"https:\/\/inciesthetic.com\/ro\/wp-json\/wp\/v2\/pages\/233","targetHints":{"allow":["GET"]}}],"collection":[{"href":"https:\/\/inciesthetic.com\/ro\/wp-json\/wp\/v2\/pages"}],"about":[{"href":"https:\/\/inciesthetic.com\/ro\/wp-json\/wp\/v2\/types\/page"}],"author":[{"embeddable":true,"href":"https:\/\/inciesthetic.com\/ro\/wp-json\/wp\/v2\/users\/1"}],"replies":[{"embeddable":true,"href":"https:\/\/inciesthetic.com\/ro\/wp-json\/wp\/v2\/comments?post=233"}],"version-history":[{"count":22,"href":"https:\/\/inciesthetic.com\/ro\/wp-json\/wp\/v2\/pages\/233\/revisions"}],"predecessor-version":[{"id":10758,"href":"https:\/\/inciesthetic.com\/ro\/wp-json\/wp\/v2\/pages\/233\/revisions\/10758"}],"wp:attachment":[{"href":"https:\/\/inciesthetic.com\/ro\/wp-json\/wp\/v2\/media?parent=233"}],"curies":[{"name":"wp","href":"https:\/\/api.w.org\/{rel}","templated":true}]}}