{"id":233,"date":"2024-11-30T10:24:06","date_gmt":"2024-11-30T10:24:06","guid":{"rendered":"https:\/\/theme.madsparrow.me\/fanky\/?page_id=233"},"modified":"2026-01-07T07:19:46","modified_gmt":"2026-01-07T07:19:46","slug":"dentisterie","status":"publish","type":"page","link":"https:\/\/inciesthetic.com\/fr\/dentisterie\/","title":{"rendered":"Dentisterie"},"content":{"rendered":"<div data-elementor-type=\"wp-page\" data-elementor-id=\"233\" class=\"elementor elementor-233\" data-elementor-settings=\"{&quot;element_pack_global_tooltip_width&quot;:{&quot;unit&quot;:&quot;px&quot;,&quot;size&quot;:&quot;&quot;,&quot;sizes&quot;:[]},&quot;element_pack_global_tooltip_width_tablet&quot;:{&quot;unit&quot;:&quot;px&quot;,&quot;size&quot;:&quot;&quot;,&quot;sizes&quot;:[]},&quot;element_pack_global_tooltip_width_mobile&quot;:{&quot;unit&quot;:&quot;px&quot;,&quot;size&quot;:&quot;&quot;,&quot;sizes&quot;:[]},&quot;element_pack_global_tooltip_padding&quot;:{&quot;unit&quot;:&quot;px&quot;,&quot;top&quot;:&quot;&quot;,&quot;right&quot;:&quot;&quot;,&quot;bottom&quot;:&quot;&quot;,&quot;left&quot;:&quot;&quot;,&quot;isLinked&quot;:true},&quot;element_pack_global_tooltip_padding_tablet&quot;:{&quot;unit&quot;:&quot;px&quot;,&quot;top&quot;:&quot;&quot;,&quot;right&quot;:&quot;&quot;,&quot;bottom&quot;:&quot;&quot;,&quot;left&quot;:&quot;&quot;,&quot;isLinked&quot;:true},&quot;element_pack_global_tooltip_padding_mobile&quot;:{&quot;unit&quot;:&quot;px&quot;,&quot;top&quot;:&quot;&quot;,&quot;right&quot;:&quot;&quot;,&quot;bottom&quot;:&quot;&quot;,&quot;left&quot;:&quot;&quot;,&quot;isLinked&quot;:true},&quot;element_pack_global_tooltip_border_radius&quot;:{&quot;unit&quot;:&quot;px&quot;,&quot;top&quot;:&quot;&quot;,&quot;right&quot;:&quot;&quot;,&quot;bottom&quot;:&quot;&quot;,&quot;left&quot;:&quot;&quot;,&quot;isLinked&quot;:true},&quot;element_pack_global_tooltip_border_radius_tablet&quot;:{&quot;unit&quot;:&quot;px&quot;,&quot;top&quot;:&quot;&quot;,&quot;right&quot;:&quot;&quot;,&quot;bottom&quot;:&quot;&quot;,&quot;left&quot;:&quot;&quot;,&quot;isLinked&quot;:true},&quot;element_pack_global_tooltip_border_radius_mobile&quot;:{&quot;unit&quot;:&quot;px&quot;,&quot;top&quot;:&quot;&quot;,&quot;right&quot;:&quot;&quot;,&quot;bottom&quot;:&quot;&quot;,&quot;left&quot;:&quot;&quot;,&quot;isLinked&quot;:true}}\" data-elementor-post-type=\"page\">\n\t\t\t\t<div class=\"elementor-element elementor-element-7b59616 e-con-full e-flex no no e-con e-parent\" data-id=\"7b59616\" data-element_type=\"container\" data-settings=\"{&quot;background_background&quot;:&quot;classic&quot;}\">\n\t\t<div class=\"elementor-element elementor-element-22c0841 e-con-full e-flex no no e-con e-child\" data-id=\"22c0841\" data-element_type=\"container\" data-settings=\"{&quot;position&quot;:&quot;absolute&quot;}\">\n\t\t\t\t<\/div>\n\t\t\t\t<div class=\"elementor-element elementor-element-c16fc39 elementor-widget elementor-widget-ms_text_ticker\" data-id=\"c16fc39\" data-element_type=\"widget\" data-widget_type=\"ms_text_ticker.default\">\n\t\t\t\t<div class=\"elementor-widget-container\">\n\t\t\t\t\t        <div class=\"ms-text-ticker\" data-mask=\"on\">\r\n            <div id=\"c16fc39\" class=\"ms-tt-wrap\" data-speed=\"0.1\" data-direction=\"right\" data-scroll=\"off\" data-hover=\"none\">\r\n                <div> \r\n                    <ul class=\"ms-tt\">\r\n\r\n                        \r\n                        \r\n                                                                                                                                                                                                    <li class=\"ms-tt__text img\">\r\n                                            <img decoding=\"async\" src=\"https:\/\/inciesthetic.com\/wp-content\/uploads\/2025\/09\/after.jpg\" alt=\"\"\/>\r\n                                        <\/li>\r\n                                                                                                                                                                                    <li class=\"ms-tt__text img\">\r\n                                            <img decoding=\"async\" src=\"https:\/\/inciesthetic.com\/wp-content\/uploads\/2025\/09\/after-1.jpg\" alt=\"\"\/>\r\n                                        <\/li>\r\n                                                                                                                                                                                    <li class=\"ms-tt__text img\">\r\n                                            <img decoding=\"async\" src=\"https:\/\/inciesthetic.com\/wp-content\/uploads\/2025\/09\/after-2.jpg\" alt=\"\"\/>\r\n                                        <\/li>\r\n                                                                                                                                                                                    <li class=\"ms-tt__text img\">\r\n                                            <img decoding=\"async\" src=\"https:\/\/inciesthetic.com\/wp-content\/uploads\/2025\/09\/after-3.jpg\" alt=\"\"\/>\r\n                                        <\/li>\r\n                                                                                                                                                                                    <li class=\"ms-tt__text img\">\r\n                                            <img decoding=\"async\" src=\"https:\/\/inciesthetic.com\/wp-content\/uploads\/2025\/09\/after-4.jpg\" alt=\"\"\/>\r\n                                        <\/li>\r\n                                                                                                                                                                                    <li class=\"ms-tt__text img\">\r\n                                            <img decoding=\"async\" src=\"https:\/\/inciesthetic.com\/wp-content\/uploads\/2025\/09\/after-5.jpg\" alt=\"\"\/>\r\n                                        <\/li>\r\n                                                                                                                                                                                    <li class=\"ms-tt__text img\">\r\n                                            <img decoding=\"async\" src=\"https:\/\/inciesthetic.com\/wp-content\/uploads\/2025\/09\/after-6.jpg\" alt=\"\"\/>\r\n                                        <\/li>\r\n                                                                                                                                                                                    <li class=\"ms-tt__text img\">\r\n                                            <img decoding=\"async\" src=\"https:\/\/inciesthetic.com\/wp-content\/uploads\/2025\/09\/after-7.jpg\" alt=\"\"\/>\r\n                                        <\/li>\r\n                                                                                                                        \r\n                    <\/ul>\r\n                <\/div>\r\n            <\/div>\r\n        <\/div>\r\n        \t\t\t\t<\/div>\n\t\t\t\t<\/div>\n\t\t\t\t<div class=\"elementor-element elementor-element-284d6b6 elementor-widget elementor-widget-ms_text_ticker\" data-id=\"284d6b6\" data-element_type=\"widget\" data-widget_type=\"ms_text_ticker.default\">\n\t\t\t\t<div class=\"elementor-widget-container\">\n\t\t\t\t\t        <div class=\"ms-text-ticker\" data-mask=\"on\">\r\n            <div id=\"284d6b6\" class=\"ms-tt-wrap\" data-speed=\"0.1\" data-direction=\"left\" data-scroll=\"off\" data-hover=\"none\">\r\n                <div> \r\n                    <ul class=\"ms-tt\">\r\n\r\n                        \r\n                        \r\n                                                                                                                                                                                                    <li class=\"ms-tt__text img\">\r\n                                            <img decoding=\"async\" src=\"https:\/\/inciesthetic.com\/wp-content\/uploads\/2025\/09\/after-9.jpg\" alt=\"\"\/>\r\n                                        <\/li>\r\n                                                                                                                                                                                    <li class=\"ms-tt__text img\">\r\n                                            <img decoding=\"async\" src=\"https:\/\/inciesthetic.com\/wp-content\/uploads\/2025\/09\/after-8.jpg\" alt=\"\"\/>\r\n                                        <\/li>\r\n                                                                                                                                                                                    <li class=\"ms-tt__text img\">\r\n                                            <img decoding=\"async\" src=\"https:\/\/inciesthetic.com\/wp-content\/uploads\/2025\/09\/after-11.jpg\" alt=\"\"\/>\r\n                                        <\/li>\r\n                                                                                                                                                                                    <li class=\"ms-tt__text img\">\r\n                                            <img decoding=\"async\" src=\"https:\/\/inciesthetic.com\/wp-content\/uploads\/2025\/09\/after-13.jpg\" alt=\"\"\/>\r\n                                        <\/li>\r\n                                                                                                                                                                                    <li class=\"ms-tt__text img\">\r\n                                            <img decoding=\"async\" src=\"https:\/\/inciesthetic.com\/wp-content\/uploads\/2025\/09\/after-12.jpg\" alt=\"\"\/>\r\n                                        <\/li>\r\n                                                                                                                                                                                    <li class=\"ms-tt__text img\">\r\n                                            <img decoding=\"async\" src=\"https:\/\/inciesthetic.com\/wp-content\/uploads\/2025\/09\/after-10.jpg\" alt=\"\"\/>\r\n                                        <\/li>\r\n                                                                                                                        \r\n                    <\/ul>\r\n                <\/div>\r\n            <\/div>\r\n        <\/div>\r\n        \t\t\t\t<\/div>\n\t\t\t\t<\/div>\n\t\t<div class=\"elementor-element elementor-element-3a8cf7e e-con-full e-flex no no e-con e-child\" data-id=\"3a8cf7e\" data-element_type=\"container\" data-settings=\"{&quot;position&quot;:&quot;absolute&quot;}\">\n\t\t\t\t<div class=\"elementor-element elementor-element-f8b929c elementor-widget elementor-widget-ms_animated_headline\" data-id=\"f8b929c\" data-element_type=\"widget\" data-widget_type=\"ms_animated_headline.default\">\n\t\t\t\t<div class=\"elementor-widget-container\">\n\t\t\t\t\t\r\n        <div class=\"ms-ah-wrapper\">\r\n            <h1 class=\"content__title\" data-splitting data-effect6 data-scroll=\"off\">\r\n            \tDentisterie             <\/h1>\r\n        <\/div>\r\n        \r\n    \t\t\t\t<\/div>\n\t\t\t\t<\/div>\n\t\t\t\t<\/div>\n\t\t\t\t<\/div>\n\t\t<div class=\"elementor-element elementor-element-40a72e8 e-flex e-con-boxed no no e-con e-parent\" data-id=\"40a72e8\" data-element_type=\"container\">\n\t\t\t\t\t<div class=\"e-con-inner\">\n\t\t\t\t<div class=\"elementor-element elementor-element-1618f8e elementor-widget-tablet__width-initial elementor-widget elementor-widget-heading\" data-id=\"1618f8e\" data-element_type=\"widget\" data-widget_type=\"heading.default\">\n\t\t\t\t\t<h2 class=\"elementor-heading-title elementor-size-default\">Traitements dentaires<\/h2>\t\t\t\t<\/div>\n\t\t\t\t<div class=\"elementor-element elementor-element-afe8512 elementor-widget elementor-widget-ms_projects\" data-id=\"afe8512\" data-element_type=\"widget\" data-widget_type=\"ms_projects.default\">\n\t\t\t\t<div class=\"elementor-widget-container\">\n\t\t\t\t\t\r\n\t\t<div class=\"portfolio_wrap\" id=\"afe8512\"  data-type=\"grid\" data-pagination=\"on\" >\r\n\r\n            \r\n                \r\n                <div class=\"loader_wrap\">                                   \r\n                    <span class=\"load_filter\">\r\n                        <svg class=\"load-filter-icon\"  viewbox=\"0 0 800 800\">\r\n                            <circle class=\"spin2\" cx=\"400\" cy=\"400\" fill=\"none\" r=\"200\" stroke-width=\"50\" stroke-dasharray=\"563 1400\" stroke-linecap=\"round\" \/>\r\n                        <\/svg>\r\n                    <\/span>\r\n                <\/div>\r\n\r\n                <div class=\"portfolio-feed ms-p--d row\"  data-cursor=\"custom\"  data-hover-text=\"View\">\r\n\r\n                    \r\n                        \r\n                        \r\n                            <div class=\"below grid-item-p custom-ratio col-md-4 post-7733 portfolios type-portfolios status-publish has-post-thumbnail hentry portfolios_categories-dentistry\">\r\n\r\n                                <div class=\"item--inner\">\r\n\r\n                                    <a href=\"https:\/\/inciesthetic.com\/fr\/dental-crowns\/\" aria-label=\"Couronnes dentaires\">\r\n\r\n                                        \r\n                                                                                            <figure class=\"ms-p-img cursor-custom\" >\r\n                                                    <img decoding=\"async\"  src=\"https:\/\/inciesthetic.com\/wp-content\/uploads\/2025\/09\/65410.jpg\" alt=\"Couronnes dentaires\">\r\n                                                <\/figure>\r\n                                            \r\n                                        \r\n                                        <div class=\"ms-p-content justify-top\">\r\n                                            <div class=\"ms-p-content__inner top\">\r\n                                                <h3>Couronnes dentaires<\/h3>\r\n                                                                                            <\/div>\r\n                                        <\/div>\r\n                                        \r\n                                    <\/a>\r\n\r\n                                <\/div>\r\n\r\n                            <\/div>\r\n\r\n                        \r\n                            <div class=\"below grid-item-p custom-ratio col-md-4 post-7772 portfolios type-portfolios status-publish has-post-thumbnail hentry portfolios_categories-dentistry\">\r\n\r\n                                <div class=\"item--inner\">\r\n\r\n                                    <a href=\"https:\/\/inciesthetic.com\/fr\/conception-de-sourire\/\" aria-label=\"Conception de sourire\">\r\n\r\n                                        \r\n                                                                                            <figure class=\"ms-p-img cursor-custom\" >\r\n                                                    <img decoding=\"async\"  src=\"https:\/\/inciesthetic.com\/wp-content\/uploads\/2025\/09\/smile-design-1-1120x926.jpg\" alt=\"Conception de sourire\">\r\n                                                <\/figure>\r\n                                            \r\n                                        \r\n                                        <div class=\"ms-p-content justify-top\">\r\n                                            <div class=\"ms-p-content__inner top\">\r\n                                                <h3>Conception de sourire<\/h3>\r\n                                                                                            <\/div>\r\n                                        <\/div>\r\n                                        \r\n                                    <\/a>\r\n\r\n                                <\/div>\r\n\r\n                            <\/div>\r\n\r\n                        \r\n                            <div class=\"below grid-item-p custom-ratio col-md-4 post-7757 portfolios type-portfolios status-publish has-post-thumbnail hentry portfolios_categories-dentistry\">\r\n\r\n                                <div class=\"item--inner\">\r\n\r\n                                    <a href=\"https:\/\/inciesthetic.com\/fr\/implants-tout-sur-4-6\/\" aria-label=\"Implants All-On-4\/6\">\r\n\r\n                                        \r\n                                                                                            <figure class=\"ms-p-img cursor-custom\" >\r\n                                                    <img decoding=\"async\"  src=\"https:\/\/inciesthetic.com\/wp-content\/uploads\/2025\/09\/2149103569.jpg\" alt=\"Implants All-On-4\/6\">\r\n                                                <\/figure>\r\n                                            \r\n                                        \r\n                                        <div class=\"ms-p-content justify-top\">\r\n                                            <div class=\"ms-p-content__inner top\">\r\n                                                <h3>Implants All-On-4\/6<\/h3>\r\n                                                                                            <\/div>\r\n                                        <\/div>\r\n                                        \r\n                                    <\/a>\r\n\r\n                                <\/div>\r\n\r\n                            <\/div>\r\n\r\n                        \r\n                            <div class=\"below grid-item-p custom-ratio col-md-4 post-261 portfolios type-portfolios status-publish has-post-thumbnail hentry portfolios_categories-dentistry\">\r\n\r\n                                <div class=\"item--inner\">\r\n\r\n                                    <a href=\"https:\/\/inciesthetic.com\/fr\/implants-dentaires\/\" aria-label=\"Implants dentaires\">\r\n\r\n                                        \r\n                                                                                            <figure class=\"ms-p-img cursor-custom\" >\r\n                                                    <img decoding=\"async\"  src=\"https:\/\/inciesthetic.com\/wp-content\/uploads\/2024\/12\/360_F_1270045340_0KZmRLyWTwXWZONsNk6Yf94T3YIQYKVu.jpg\" alt=\"Implants dentaires\">\r\n                                                <\/figure>\r\n                                            \r\n                                        \r\n                                        <div class=\"ms-p-content justify-top\">\r\n                                            <div class=\"ms-p-content__inner top\">\r\n                                                <h3>Implants dentaires<\/h3>\r\n                                                                                            <\/div>\r\n                                        <\/div>\r\n                                        \r\n                                    <\/a>\r\n\r\n                                <\/div>\r\n\r\n                            <\/div>\r\n\r\n                        \r\n                            <div class=\"below grid-item-p custom-ratio col-md-4 post-7750 portfolios type-portfolios status-publish has-post-thumbnail hentry portfolios_categories-dentistry\">\r\n\r\n                                <div class=\"item--inner\">\r\n\r\n                                    <a href=\"https:\/\/inciesthetic.com\/fr\/hollywood-smile\/\" aria-label=\"Sourire hollywoodien\">\r\n\r\n                                        \r\n                                                                                            <figure class=\"ms-p-img cursor-custom\" >\r\n                                                    <img decoding=\"async\"  src=\"https:\/\/inciesthetic.com\/wp-content\/uploads\/2025\/09\/11657.jpg\" alt=\"Sourire hollywoodien\">\r\n                                                <\/figure>\r\n                                            \r\n                                        \r\n                                        <div class=\"ms-p-content justify-top\">\r\n                                            <div class=\"ms-p-content__inner top\">\r\n                                                <h3>Sourire hollywoodien<\/h3>\r\n                                                                                            <\/div>\r\n                                        <\/div>\r\n                                        \r\n                                    <\/a>\r\n\r\n                                <\/div>\r\n\r\n                            <\/div>\r\n\r\n                        \r\n                            <div class=\"below grid-item-p custom-ratio col-md-4 post-7763 portfolios type-portfolios status-publish has-post-thumbnail hentry portfolios_categories-dentistry\">\r\n\r\n                                <div class=\"item--inner\">\r\n\r\n                                    <a href=\"https:\/\/inciesthetic.com\/fr\/placages-stratifies\/\" aria-label=\"placages stratifi\u00e9s\">\r\n\r\n                                        \r\n                                                                                            <figure class=\"ms-p-img cursor-custom\" >\r\n                                                    <img decoding=\"async\"  src=\"https:\/\/inciesthetic.com\/wp-content\/uploads\/2025\/09\/201754.jpg\" alt=\"placages stratifi\u00e9s\">\r\n                                                <\/figure>\r\n                                            \r\n                                        \r\n                                        <div class=\"ms-p-content justify-top\">\r\n                                            <div class=\"ms-p-content__inner top\">\r\n                                                <h3>placages stratifi\u00e9s<\/h3>\r\n                                                                                            <\/div>\r\n                                        <\/div>\r\n                                        \r\n                                    <\/a>\r\n\r\n                                <\/div>\r\n\r\n                            <\/div>\r\n\r\n                                                <div class=\"grid-sizer col-md-4\"><\/div>\r\n                        \r\n                        \r\n                    \r\n                <\/div>\r\n\r\n                \r\n                                                    \r\n            \r\n        \t\t<\/div>\r\n\r\n\t\t\t\t\t\t<\/div>\n\t\t\t\t<\/div>\n\t\t\t\t<div class=\"elementor-element elementor-element-820b9ce elementor-widget elementor-widget-text-editor\" data-id=\"820b9ce\" data-element_type=\"widget\" data-widget_type=\"text-editor.default\">\n\t\t\t\t\t\t\t\t\t<p data-start=\"359\" data-end=\"641\">\u00c0 <strong data-start=\"362\" data-end=\"378\">\u0130nci Estetik<\/strong>, nous croyons qu&#039;un sourire sain et radieux est l&#039;une des expressions de confiance les plus puissantes. Notre <strong data-start=\"483\" data-end=\"507\">Traitements dentaires<\/strong> sont con\u00e7us pour combiner une technologie dentaire avanc\u00e9e avec une pr\u00e9cision esth\u00e9tique, garantissant \u00e0 la fois une sant\u00e9 fonctionnelle et de beaux r\u00e9sultats.<\/p><p data-start=\"643\" data-end=\"704\">Nous proposons une large gamme de solutions personnalis\u00e9es, notamment :<\/p><ul data-start=\"705\" data-end=\"1142\"><li data-start=\"705\" data-end=\"770\"><p data-start=\"707\" data-end=\"770\"><strong data-start=\"707\" data-end=\"724\">Couronnes dentaires<\/strong> pour restaurer la force et l&#039;apparence naturelle,<\/p><\/li><li data-start=\"771\" data-end=\"835\"><p data-start=\"773\" data-end=\"835\"><strong data-start=\"773\" data-end=\"789\">Conception de sourire<\/strong> pour une transformation esth\u00e9tique sur mesure,<\/p><\/li><li data-start=\"836\" data-end=\"911\"><p data-start=\"838\" data-end=\"911\"><strong data-start=\"838\" data-end=\"861\">Implants All-On-4\/6<\/strong> pour les restaurations d&#039;arcades compl\u00e8tes avec moins d&#039;implants,<\/p><\/li><li data-start=\"912\" data-end=\"1004\"><p data-start=\"914\" data-end=\"1004\"><strong data-start=\"914\" data-end=\"933\">Implants dentaires<\/strong> pour remplacer les dents manquantes par des alternatives durables et d&#039;apparence naturelle,<\/p><\/li><li data-start=\"1005\" data-end=\"1064\"><p data-start=\"1007\" data-end=\"1064\"><strong data-start=\"1007\" data-end=\"1026\">Sourire hollywoodien<\/strong> pour un sourire \u00e9blouissant, pr\u00eat \u00e0 \u00eatre photographi\u00e9,<\/p><\/li><li data-start=\"1065\" data-end=\"1142\"><p data-start=\"1067\" data-end=\"1142\"><strong data-start=\"1067\" data-end=\"1087\">placages stratifi\u00e9s<\/strong> pour une am\u00e9lioration esth\u00e9tique rapide et peu invasive.<\/p><\/li><\/ul><p data-start=\"1144\" data-end=\"1435\">Chez \u0130nci Estetik, chaque soin est r\u00e9alis\u00e9 par des dentistes sp\u00e9cialistes exp\u00e9riment\u00e9s dans un environnement moderne et accueillant. De votre premi\u00e8re consultation \u00e0 votre dernier contr\u00f4le, nous privil\u00e9gions le confort, la pr\u00e9cision et des r\u00e9sultats durables, car votre sourire m\u00e9rite l&#039;excellence.<\/p>\t\t\t\t\t\t\t\t<\/div>\n\t\t\t\t\t<\/div>\n\t\t\t\t<\/div>\n\t\t\t\t<\/div>","protected":false},"excerpt":{"rendered":"<p>Dentistry Dentistry treatments Dental Crowns Smile Design All-On-4\/6 Implants Dental Implants Hollywood Smile Laminate Veneers At \u0130nci Estetik, we believe that a healthy and [&hellip;]<\/p>","protected":false},"author":1,"featured_media":0,"parent":0,"menu_order":0,"comment_status":"closed","ping_status":"closed","template":"page-custom.php","meta":{"_acf_changed":false,"footnotes":""},"class_list":["post-233","page","type-page","status-publish","hentry"],"acf":{"choi\u0441e_menu_page":"custom_menu_page","full_width":false,"header_transparent":true,"header_white":true,"menu_align_page":"center","menu_style":"fixed"},"_links":{"self":[{"href":"https:\/\/inciesthetic.com\/fr\/wp-json\/wp\/v2\/pages\/233","targetHints":{"allow":["GET"]}}],"collection":[{"href":"https:\/\/inciesthetic.com\/fr\/wp-json\/wp\/v2\/pages"}],"about":[{"href":"https:\/\/inciesthetic.com\/fr\/wp-json\/wp\/v2\/types\/page"}],"author":[{"embeddable":true,"href":"https:\/\/inciesthetic.com\/fr\/wp-json\/wp\/v2\/users\/1"}],"replies":[{"embeddable":true,"href":"https:\/\/inciesthetic.com\/fr\/wp-json\/wp\/v2\/comments?post=233"}],"version-history":[{"count":22,"href":"https:\/\/inciesthetic.com\/fr\/wp-json\/wp\/v2\/pages\/233\/revisions"}],"predecessor-version":[{"id":10758,"href":"https:\/\/inciesthetic.com\/fr\/wp-json\/wp\/v2\/pages\/233\/revisions\/10758"}],"wp:attachment":[{"href":"https:\/\/inciesthetic.com\/fr\/wp-json\/wp\/v2\/media?parent=233"}],"curies":[{"name":"wp","href":"https:\/\/api.w.org\/{rel}","templated":true}]}}